{"id":152,"date":"2021-11-03T18:26:06","date_gmt":"2021-11-03T17:26:06","guid":{"rendered":"http:\/\/biketop.sk\/?page_id=152"},"modified":"2025-01-01T12:38:48","modified_gmt":"2025-01-01T11:38:48","slug":"biketop-servis-bicyklov","status":"publish","type":"page","link":"https:\/\/biketop.sk\/","title":{"rendered":"Sme tu pre v\u00e1s a va\u0161e bicykle."},"content":{"rendered":"\n<p>Pon\u00fakame servis bicyklov a elektro bicyklov. Pom\u00f4\u017eeme v\u00e1m s opravami r\u00f4zneho druhu a postar\u00e1me sa o to, aby v\u00e1\u0161 bicykel od n\u00e1s odch\u00e1dzal v 100% funk\u010dnom stave.<\/p>\n\n\n\n<p>Na va\u0161ej spokojnosti n\u00e1m z\u00e1le\u017e\u00ed, a preto sme tu pre v\u00e1s takmer v\u017edy, ke\u010f n\u00e1s potrebujete. Ak aj nem\u00e1me zrovna otvoren\u00e9, vieme si dohodn\u00fa\u0165 prevzatie bicykla aj mimo otv\u00e1rac\u00edch hod\u00edn. Po dohode v\u00e1m bicykel privezieme opraven\u00fd priamo k v\u00e1m domov.<\/p>\n\n\n\n<p>V\u00e4\u010d\u0161inu servisn\u00fdch pr\u00e1c vykon\u00e1vame v Starej Turej. Men\u0161ie \u00fakony vieme po dohode vykona\u0165 aj v Novom Meste nad V\u00e1hom.<\/p>\n\n\n\n<p>Nako\u013eko pon\u00fakame aj vyzdvihnutie a dovoz bicyklov, vieme tak obsl\u00fa\u017ei\u0165 aj \u0161ir\u0161ie okolie Starej Turej a Nov\u00e9ho Mesta nad V\u00e1hom<\/p>\n\n\n\n<p>V\u00e1\u0161 servisn\u00fd t\u00edm Biketop.<\/p>\n\n\n\n<figure class=\"wp-container-2 wp-block-gallery-1 wp-block-gallery has-nested-images columns-default is-cropped\">\n<figure class=\"wp-block-image size-large\"><img fetchpriority=\"high\" width=\"1024\" height=\"683\" data-id=\"408\"  src=\"https:\/\/biketop.sk\/wp-content\/uploads\/2025\/01\/biketop-firma-zmensene-2b-2-1024x683.jpg\" alt=\"\" class=\"wp-image-408\" srcset=\"https:\/\/biketop.sk\/wp-content\/uploads\/2025\/01\/biketop-firma-zmensene-2b-2-1024x683.jpg 1024w, https:\/\/biketop.sk\/wp-content\/uploads\/2025\/01\/biketop-firma-zmensene-2b-2-300x200.jpg 300w, https:\/\/biketop.sk\/wp-content\/uploads\/2025\/01\/biketop-firma-zmensene-2b-2-768x512.jpg 768w, https:\/\/biketop.sk\/wp-content\/uploads\/2025\/01\/biketop-firma-zmensene-2b-2-1536x1024.jpg 1536w, https:\/\/biketop.sk\/wp-content\/uploads\/2025\/01\/biketop-firma-zmensene-2b-2.jpg 1900w\" sizes=\"(max-width: 1024px) 100vw, 1024px\" \/><\/figure>\n<\/figure>\n","protected":false},"excerpt":{"rendered":"<p>Pon\u00fakame servis bicyklov a elektro bicyklov. Pom\u00f4\u017eeme v\u00e1m s opravami r\u00f4zneho druhu a postar\u00e1me sa o to, aby v\u00e1\u0161 bicykel od n\u00e1s odch\u00e1dzal v 100% funk\u010dnom stave. Na va\u0161ej spokojnosti n\u00e1m z\u00e1le\u017e\u00ed, a preto sme tu pre v\u00e1s takmer v\u017edy, ke\u010f n\u00e1s potrebujete. Ak aj nem\u00e1me zrovna otvoren\u00e9, vieme si dohodn\u00fa\u0165 prevzatie bicykla aj mimo [&hellip;]<\/p>\n","protected":false},"author":2,"featured_media":0,"parent":0,"menu_order":0,"comment_status":"closed","ping_status":"closed","template":"","meta":{"_monsterinsights_skip_tracking":false,"_monsterinsights_sitenote_active":false,"_monsterinsights_sitenote_note":"","_monsterinsights_sitenote_category":0},"yoast_head":"<!-- This site is optimized with the Yoast SEO plugin v20.6 - https:\/\/yoast.com\/wordpress\/plugins\/seo\/ -->\n<title>Sme tu pre v\u00e1s a va\u0161e bicykle. -<\/title>\n<meta name=\"robots\" content=\"index, follow, max-snippet:-1, max-image-preview:large, max-video-preview:-1\" \/>\n<link rel=\"canonical\" href=\"http:\/\/biketop.sk\/\" \/>\n<meta property=\"og:locale\" content=\"sk_SK\" \/>\n<meta property=\"og:type\" content=\"article\" \/>\n<meta property=\"og:title\" content=\"Sme tu pre v\u00e1s a va\u0161e bicykle. -\" \/>\n<meta property=\"og:description\" content=\"Pon\u00fakame servis bicyklov a elektro bicyklov. Pom\u00f4\u017eeme v\u00e1m s opravami r\u00f4zneho druhu a postar\u00e1me sa o to, aby v\u00e1\u0161 bicykel od n\u00e1s odch\u00e1dzal v 100% funk\u010dnom stave. Na va\u0161ej spokojnosti n\u00e1m z\u00e1le\u017e\u00ed, a preto sme tu pre v\u00e1s takmer v\u017edy, ke\u010f n\u00e1s potrebujete. Ak aj nem\u00e1me zrovna otvoren\u00e9, vieme si dohodn\u00fa\u0165 prevzatie bicykla aj mimo [&hellip;]\" \/>\n<meta property=\"og:url\" content=\"http:\/\/biketop.sk\/\" \/>\n<meta property=\"article:publisher\" content=\"https:\/\/www.facebook.com\/biketop.sk\" \/>\n<meta property=\"article:modified_time\" content=\"2025-01-01T11:38:48+00:00\" \/>\n<meta property=\"og:image\" content=\"https:\/\/biketop.sk\/wp-content\/uploads\/2025\/01\/biketop-firma-zmensene-2b-2-1024x683.jpg\" \/>\n<meta name=\"twitter:card\" content=\"summary_large_image\" \/>\n<meta name=\"twitter:label1\" content=\"Predpokladan\u00fd \u010das \u010d\u00edtania\" \/>\n\t<meta name=\"twitter:data1\" content=\"1 min\u00fata\" \/>\n<script type=\"application\/ld+json\" class=\"yoast-schema-graph\">{\"@context\":\"https:\/\/schema.org\",\"@graph\":[{\"@type\":\"WebPage\",\"@id\":\"http:\/\/biketop.sk\/\",\"url\":\"http:\/\/biketop.sk\/\",\"name\":\"Sme tu pre v\u00e1s a va\u0161e bicykle. -\",\"isPartOf\":{\"@id\":\"http:\/\/biketop.sk\/#website\"},\"datePublished\":\"2021-11-03T17:26:06+00:00\",\"dateModified\":\"2025-01-01T11:38:48+00:00\",\"breadcrumb\":{\"@id\":\"http:\/\/biketop.sk\/#breadcrumb\"},\"inLanguage\":\"sk-SK\",\"potentialAction\":[{\"@type\":\"ReadAction\",\"target\":[\"http:\/\/biketop.sk\/\"]}]},{\"@type\":\"BreadcrumbList\",\"@id\":\"http:\/\/biketop.sk\/#breadcrumb\",\"itemListElement\":[{\"@type\":\"ListItem\",\"position\":1,\"name\":\"Home\",\"item\":\"http:\/\/biketop.sk\/\"},{\"@type\":\"ListItem\",\"position\":2,\"name\":\"Sme tu pre v\u00e1s a va\u0161e bicykle.\"}]},{\"@type\":\"WebSite\",\"@id\":\"http:\/\/biketop.sk\/#website\",\"url\":\"http:\/\/biketop.sk\/\",\"name\":\"\",\"description\":\"\",\"potentialAction\":[{\"@type\":\"SearchAction\",\"target\":{\"@type\":\"EntryPoint\",\"urlTemplate\":\"http:\/\/biketop.sk\/?s={search_term_string}\"},\"query-input\":\"required name=search_term_string\"}],\"inLanguage\":\"sk-SK\"}]}<\/script>\n<!-- \/ Yoast SEO plugin. -->","yoast_head_json":{"title":"Sme tu pre v\u00e1s a va\u0161e bicykle. -","robots":{"index":"index","follow":"follow","max-snippet":"max-snippet:-1","max-image-preview":"max-image-preview:large","max-video-preview":"max-video-preview:-1"},"canonical":"http:\/\/biketop.sk\/","og_locale":"sk_SK","og_type":"article","og_title":"Sme tu pre v\u00e1s a va\u0161e bicykle. -","og_description":"Pon\u00fakame servis bicyklov a elektro bicyklov. Pom\u00f4\u017eeme v\u00e1m s opravami r\u00f4zneho druhu a postar\u00e1me sa o to, aby v\u00e1\u0161 bicykel od n\u00e1s odch\u00e1dzal v 100% funk\u010dnom stave. Na va\u0161ej spokojnosti n\u00e1m z\u00e1le\u017e\u00ed, a preto sme tu pre v\u00e1s takmer v\u017edy, ke\u010f n\u00e1s potrebujete. Ak aj nem\u00e1me zrovna otvoren\u00e9, vieme si dohodn\u00fa\u0165 prevzatie bicykla aj mimo [&hellip;]","og_url":"http:\/\/biketop.sk\/","article_publisher":"https:\/\/www.facebook.com\/biketop.sk","article_modified_time":"2025-01-01T11:38:48+00:00","og_image":[{"url":"https:\/\/biketop.sk\/wp-content\/uploads\/2025\/01\/biketop-firma-zmensene-2b-2-1024x683.jpg"}],"twitter_card":"summary_large_image","twitter_misc":{"Predpokladan\u00fd \u010das \u010d\u00edtania":"1 min\u00fata"},"schema":{"@context":"https:\/\/schema.org","@graph":[{"@type":"WebPage","@id":"http:\/\/biketop.sk\/","url":"http:\/\/biketop.sk\/","name":"Sme tu pre v\u00e1s a va\u0161e bicykle. -","isPartOf":{"@id":"http:\/\/biketop.sk\/#website"},"datePublished":"2021-11-03T17:26:06+00:00","dateModified":"2025-01-01T11:38:48+00:00","breadcrumb":{"@id":"http:\/\/biketop.sk\/#breadcrumb"},"inLanguage":"sk-SK","potentialAction":[{"@type":"ReadAction","target":["http:\/\/biketop.sk\/"]}]},{"@type":"BreadcrumbList","@id":"http:\/\/biketop.sk\/#breadcrumb","itemListElement":[{"@type":"ListItem","position":1,"name":"Home","item":"http:\/\/biketop.sk\/"},{"@type":"ListItem","position":2,"name":"Sme tu pre v\u00e1s a va\u0161e bicykle."}]},{"@type":"WebSite","@id":"http:\/\/biketop.sk\/#website","url":"http:\/\/biketop.sk\/","name":"","description":"","potentialAction":[{"@type":"SearchAction","target":{"@type":"EntryPoint","urlTemplate":"http:\/\/biketop.sk\/?s={search_term_string}"},"query-input":"required name=search_term_string"}],"inLanguage":"sk-SK"}]}},"_links":{"self":[{"href":"https:\/\/biketop.sk\/index.php\/wp-json\/wp\/v2\/pages\/152"}],"collection":[{"href":"https:\/\/biketop.sk\/index.php\/wp-json\/wp\/v2\/pages"}],"about":[{"href":"https:\/\/biketop.sk\/index.php\/wp-json\/wp\/v2\/types\/page"}],"author":[{"embeddable":true,"href":"https:\/\/biketop.sk\/index.php\/wp-json\/wp\/v2\/users\/2"}],"replies":[{"embeddable":true,"href":"https:\/\/biketop.sk\/index.php\/wp-json\/wp\/v2\/comments?post=152"}],"version-history":[{"count":5,"href":"https:\/\/biketop.sk\/index.php\/wp-json\/wp\/v2\/pages\/152\/revisions"}],"predecessor-version":[{"id":410,"href":"https:\/\/biketop.sk\/index.php\/wp-json\/wp\/v2\/pages\/152\/revisions\/410"}],"wp:attachment":[{"href":"https:\/\/biketop.sk\/index.php\/wp-json\/wp\/v2\/media?parent=152"}],"curies":[{"name":"wp","href":"https:\/\/api.w.org\/{rel}","templated":true}]}}