{"id":12,"date":"2021-09-25T13:33:27","date_gmt":"2021-09-25T11:33:27","guid":{"rendered":"http:\/\/biketop.sk\/?page_id=12"},"modified":"2026-04-15T08:05:34","modified_gmt":"2026-04-15T06:05:34","slug":"o-nas","status":"publish","type":"page","link":"https:\/\/biketop.sk\/index.php\/o-nas\/","title":{"rendered":"O n\u00e1s"},"content":{"rendered":"\n<p>N\u00e1\u0161 servis vznikol v roku 2021 spojen\u00edm dvoch nad\u0161encov pre bicykle,\u00a0<strong>Michal<\/strong>, ktor\u00fd na bicykloch hlavne r\u00e1d jazd\u00ed, a<strong> Kamil<\/strong>, ktor\u00fd m\u00e1 bohat\u00e9 sk\u00fasenosti s ich servisovan\u00edm.<\/p>\n\n\n\n<p>Rozhodli sme sa spoji\u0165 na\u0161e sk\u00fasenosti a pon\u00faknu\u0165 v\u00e1m v oblasti servisu bicyklov to, na \u010do si mo\u017eno sami netr\u00fafate.<\/p>\n\n\n\n<p>Sme tu hlavne pre v\u00e1s a va\u0161e bicykle, rob\u00edme to <strong>radi a ochotne.<\/strong><\/p>\n\n\n\n<p>Viac o na\u0161ej pr\u00e1ci sa dozviete na soci\u00e1lnych sie\u0165ach: <\/p>\n\n\n\n<ul class=\"wp-container-1 is-content-justification-center wp-block-social-links has-huge-icon-size\"><li class=\"wp-social-link wp-social-link-facebook wp-block-social-link\"><a href=\"https:\/\/www.facebook.com\/biketop.sk\"  class=\"wp-block-social-link-anchor\"><svg width=\"24\" height=\"24\" viewBox=\"0 0 24 24\" version=\"1.1\" xmlns=\"http:\/\/www.w3.org\/2000\/svg\" aria-hidden=\"true\" focusable=\"false\"><path d=\"M12 2C6.5 2 2 6.5 2 12c0 5 3.7 9.1 8.4 9.9v-7H7.9V12h2.5V9.8c0-2.5 1.5-3.9 3.8-3.9 1.1 0 2.2.2 2.2.2v2.5h-1.3c-1.2 0-1.6.8-1.6 1.6V12h2.8l-.4 2.9h-2.3v7C18.3 21.1 22 17 22 12c0-5.5-4.5-10-10-10z\"><\/path><\/svg><span class=\"wp-block-social-link-label screen-reader-text\">Facebook<\/span><\/a><\/li>\n\n<li class=\"wp-social-link wp-social-link-instagram wp-block-social-link\"><a href=\"https:\/\/www.instagram.com\/biketop.sk\/\"  class=\"wp-block-social-link-anchor\"><svg width=\"24\" height=\"24\" viewBox=\"0 0 24 24\" version=\"1.1\" xmlns=\"http:\/\/www.w3.org\/2000\/svg\" aria-hidden=\"true\" focusable=\"false\"><path d=\"M12,4.622c2.403,0,2.688,0.009,3.637,0.052c0.877,0.04,1.354,0.187,1.671,0.31c0.42,0.163,0.72,0.358,1.035,0.673 c0.315,0.315,0.51,0.615,0.673,1.035c0.123,0.317,0.27,0.794,0.31,1.671c0.043,0.949,0.052,1.234,0.052,3.637 s-0.009,2.688-0.052,3.637c-0.04,0.877-0.187,1.354-0.31,1.671c-0.163,0.42-0.358,0.72-0.673,1.035 c-0.315,0.315-0.615,0.51-1.035,0.673c-0.317,0.123-0.794,0.27-1.671,0.31c-0.949,0.043-1.233,0.052-3.637,0.052 s-2.688-0.009-3.637-0.052c-0.877-0.04-1.354-0.187-1.671-0.31c-0.42-0.163-0.72-0.358-1.035-0.673 c-0.315-0.315-0.51-0.615-0.673-1.035c-0.123-0.317-0.27-0.794-0.31-1.671C4.631,14.688,4.622,14.403,4.622,12 s0.009-2.688,0.052-3.637c0.04-0.877,0.187-1.354,0.31-1.671c0.163-0.42,0.358-0.72,0.673-1.035 c0.315-0.315,0.615-0.51,1.035-0.673c0.317-0.123,0.794-0.27,1.671-0.31C9.312,4.631,9.597,4.622,12,4.622 M12,3 C9.556,3,9.249,3.01,8.289,3.054C7.331,3.098,6.677,3.25,6.105,3.472C5.513,3.702,5.011,4.01,4.511,4.511 c-0.5,0.5-0.808,1.002-1.038,1.594C3.25,6.677,3.098,7.331,3.054,8.289C3.01,9.249,3,9.556,3,12c0,2.444,0.01,2.751,0.054,3.711 c0.044,0.958,0.196,1.612,0.418,2.185c0.23,0.592,0.538,1.094,1.038,1.594c0.5,0.5,1.002,0.808,1.594,1.038 c0.572,0.222,1.227,0.375,2.185,0.418C9.249,20.99,9.556,21,12,21s2.751-0.01,3.711-0.054c0.958-0.044,1.612-0.196,2.185-0.418 c0.592-0.23,1.094-0.538,1.594-1.038c0.5-0.5,0.808-1.002,1.038-1.594c0.222-0.572,0.375-1.227,0.418-2.185 C20.99,14.751,21,14.444,21,12s-0.01-2.751-0.054-3.711c-0.044-0.958-0.196-1.612-0.418-2.185c-0.23-0.592-0.538-1.094-1.038-1.594 c-0.5-0.5-1.002-0.808-1.594-1.038c-0.572-0.222-1.227-0.375-2.185-0.418C14.751,3.01,14.444,3,12,3L12,3z M12,7.378 c-2.552,0-4.622,2.069-4.622,4.622S9.448,16.622,12,16.622s4.622-2.069,4.622-4.622S14.552,7.378,12,7.378z M12,15 c-1.657,0-3-1.343-3-3s1.343-3,3-3s3,1.343,3,3S13.657,15,12,15z M16.804,6.116c-0.596,0-1.08,0.484-1.08,1.08 s0.484,1.08,1.08,1.08c0.596,0,1.08-0.484,1.08-1.08S17.401,6.116,16.804,6.116z\"><\/path><\/svg><span class=\"wp-block-social-link-label screen-reader-text\">Instagram<\/span><\/a><\/li><\/ul>\n\n\n\n<figure class=\"wp-container-3 wp-block-gallery-2 wp-block-gallery has-nested-images columns-default is-cropped\">\n<figure class=\"wp-block-image size-large\"><img fetchpriority=\"high\" width=\"1024\" height=\"683\" data-id=\"400\"  src=\"https:\/\/biketop.sk\/wp-content\/uploads\/2025\/01\/biketop-firma-zmensene-2b-1024x683.jpg\" alt=\"\" class=\"wp-image-400\" srcset=\"https:\/\/biketop.sk\/wp-content\/uploads\/2025\/01\/biketop-firma-zmensene-2b-1024x683.jpg 1024w, https:\/\/biketop.sk\/wp-content\/uploads\/2025\/01\/biketop-firma-zmensene-2b-300x200.jpg 300w, https:\/\/biketop.sk\/wp-content\/uploads\/2025\/01\/biketop-firma-zmensene-2b-768x512.jpg 768w, https:\/\/biketop.sk\/wp-content\/uploads\/2025\/01\/biketop-firma-zmensene-2b-1536x1024.jpg 1536w, https:\/\/biketop.sk\/wp-content\/uploads\/2025\/01\/biketop-firma-zmensene-2b.jpg 1900w\" sizes=\"(max-width: 1024px) 100vw, 1024px\" \/><\/figure>\n<\/figure>\n\n\n\n<p><\/p>\n","protected":false},"excerpt":{"rendered":"<p>N\u00e1\u0161 servis vznikol v roku 2021 spojen\u00edm dvoch nad\u0161encov pre bicykle,\u00a0Michal, ktor\u00fd na bicykloch hlavne r\u00e1d jazd\u00ed, a Kamil, ktor\u00fd m\u00e1 bohat\u00e9 sk\u00fasenosti s ich servisovan\u00edm. Rozhodli sme sa spoji\u0165 na\u0161e sk\u00fasenosti a pon\u00faknu\u0165 v\u00e1m v oblasti servisu bicyklov to, na \u010do si mo\u017eno sami netr\u00fafate. Sme tu hlavne pre v\u00e1s a va\u0161e bicykle, rob\u00edme [&hellip;]<\/p>\n","protected":false},"author":1,"featured_media":0,"parent":0,"menu_order":0,"comment_status":"closed","ping_status":"closed","template":"","meta":{"_monsterinsights_skip_tracking":false,"_monsterinsights_sitenote_active":false,"_monsterinsights_sitenote_note":"","_monsterinsights_sitenote_category":0},"yoast_head":"<!-- This site is optimized with the Yoast SEO plugin v20.6 - https:\/\/yoast.com\/wordpress\/plugins\/seo\/ -->\n<title>O n\u00e1s -<\/title>\n<meta name=\"description\" content=\"Sme dvaja nad\u0161enci pre bicykle, ktor\u00ed sa rozhodli spoji\u0165 sk\u00fasenosti zo sveta cyklistiky a pon\u00fakn\u00fa\u0165 v\u00e1m v oblasti servisu bicyklov to, na \u010do si mo\u017eno sami netr\u00fafate. Sme tu hlavne pre v\u00e1s a va\u0161e bicykle, rob\u00edme to radi a ochotne.\" \/>\n<meta name=\"robots\" content=\"index, follow, max-snippet:-1, max-image-preview:large, max-video-preview:-1\" \/>\n<link rel=\"canonical\" href=\"https:\/\/biketop.sk\/index.php\/o-nas\/\" \/>\n<meta property=\"og:locale\" content=\"sk_SK\" \/>\n<meta property=\"og:type\" content=\"article\" \/>\n<meta property=\"og:title\" content=\"O n\u00e1s -\" \/>\n<meta property=\"og:description\" content=\"Sme dvaja nad\u0161enci pre bicykle, ktor\u00ed sa rozhodli spoji\u0165 sk\u00fasenosti zo sveta cyklistiky a pon\u00fakn\u00fa\u0165 v\u00e1m v oblasti servisu bicyklov to, na \u010do si mo\u017eno sami netr\u00fafate. Sme tu hlavne pre v\u00e1s a va\u0161e bicykle, rob\u00edme to radi a ochotne.\" \/>\n<meta property=\"og:url\" content=\"https:\/\/biketop.sk\/index.php\/o-nas\/\" \/>\n<meta property=\"article:publisher\" content=\"https:\/\/www.facebook.com\/biketop.sk\" \/>\n<meta property=\"article:modified_time\" content=\"2026-04-15T06:05:34+00:00\" \/>\n<meta property=\"og:image\" content=\"https:\/\/biketop.sk\/wp-content\/uploads\/2025\/01\/biketop-firma-zmensene-2b-1024x683.jpg\" \/>\n<meta name=\"twitter:card\" content=\"summary_large_image\" \/>\n<meta name=\"twitter:label1\" content=\"Predpokladan\u00fd \u010das \u010d\u00edtania\" \/>\n\t<meta name=\"twitter:data1\" content=\"1 min\u00fata\" \/>\n<script type=\"application\/ld+json\" class=\"yoast-schema-graph\">{\"@context\":\"https:\/\/schema.org\",\"@graph\":[{\"@type\":\"WebPage\",\"@id\":\"https:\/\/biketop.sk\/index.php\/o-nas\/\",\"url\":\"https:\/\/biketop.sk\/index.php\/o-nas\/\",\"name\":\"O n\u00e1s -\",\"isPartOf\":{\"@id\":\"https:\/\/biketop.sk\/#website\"},\"datePublished\":\"2021-09-25T11:33:27+00:00\",\"dateModified\":\"2026-04-15T06:05:34+00:00\",\"description\":\"Sme dvaja nad\u0161enci pre bicykle, ktor\u00ed sa rozhodli spoji\u0165 sk\u00fasenosti zo sveta cyklistiky a pon\u00fakn\u00fa\u0165 v\u00e1m v oblasti servisu bicyklov to, na \u010do si mo\u017eno sami netr\u00fafate. Sme tu hlavne pre v\u00e1s a va\u0161e bicykle, rob\u00edme to radi a ochotne.\",\"breadcrumb\":{\"@id\":\"https:\/\/biketop.sk\/index.php\/o-nas\/#breadcrumb\"},\"inLanguage\":\"sk-SK\",\"potentialAction\":[{\"@type\":\"ReadAction\",\"target\":[\"https:\/\/biketop.sk\/index.php\/o-nas\/\"]}]},{\"@type\":\"BreadcrumbList\",\"@id\":\"https:\/\/biketop.sk\/index.php\/o-nas\/#breadcrumb\",\"itemListElement\":[{\"@type\":\"ListItem\",\"position\":1,\"name\":\"Home\",\"item\":\"https:\/\/biketop.sk\/\"},{\"@type\":\"ListItem\",\"position\":2,\"name\":\"O n\u00e1s\"}]},{\"@type\":\"WebSite\",\"@id\":\"https:\/\/biketop.sk\/#website\",\"url\":\"https:\/\/biketop.sk\/\",\"name\":\"\",\"description\":\"\",\"potentialAction\":[{\"@type\":\"SearchAction\",\"target\":{\"@type\":\"EntryPoint\",\"urlTemplate\":\"https:\/\/biketop.sk\/?s={search_term_string}\"},\"query-input\":\"required name=search_term_string\"}],\"inLanguage\":\"sk-SK\"}]}<\/script>\n<!-- \/ Yoast SEO plugin. -->","yoast_head_json":{"title":"O n\u00e1s -","description":"Sme dvaja nad\u0161enci pre bicykle, ktor\u00ed sa rozhodli spoji\u0165 sk\u00fasenosti zo sveta cyklistiky a pon\u00fakn\u00fa\u0165 v\u00e1m v oblasti servisu bicyklov to, na \u010do si mo\u017eno sami netr\u00fafate. Sme tu hlavne pre v\u00e1s a va\u0161e bicykle, rob\u00edme to radi a ochotne.","robots":{"index":"index","follow":"follow","max-snippet":"max-snippet:-1","max-image-preview":"max-image-preview:large","max-video-preview":"max-video-preview:-1"},"canonical":"https:\/\/biketop.sk\/index.php\/o-nas\/","og_locale":"sk_SK","og_type":"article","og_title":"O n\u00e1s -","og_description":"Sme dvaja nad\u0161enci pre bicykle, ktor\u00ed sa rozhodli spoji\u0165 sk\u00fasenosti zo sveta cyklistiky a pon\u00fakn\u00fa\u0165 v\u00e1m v oblasti servisu bicyklov to, na \u010do si mo\u017eno sami netr\u00fafate. Sme tu hlavne pre v\u00e1s a va\u0161e bicykle, rob\u00edme to radi a ochotne.","og_url":"https:\/\/biketop.sk\/index.php\/o-nas\/","article_publisher":"https:\/\/www.facebook.com\/biketop.sk","article_modified_time":"2026-04-15T06:05:34+00:00","og_image":[{"url":"https:\/\/biketop.sk\/wp-content\/uploads\/2025\/01\/biketop-firma-zmensene-2b-1024x683.jpg"}],"twitter_card":"summary_large_image","twitter_misc":{"Predpokladan\u00fd \u010das \u010d\u00edtania":"1 min\u00fata"},"schema":{"@context":"https:\/\/schema.org","@graph":[{"@type":"WebPage","@id":"https:\/\/biketop.sk\/index.php\/o-nas\/","url":"https:\/\/biketop.sk\/index.php\/o-nas\/","name":"O n\u00e1s -","isPartOf":{"@id":"https:\/\/biketop.sk\/#website"},"datePublished":"2021-09-25T11:33:27+00:00","dateModified":"2026-04-15T06:05:34+00:00","description":"Sme dvaja nad\u0161enci pre bicykle, ktor\u00ed sa rozhodli spoji\u0165 sk\u00fasenosti zo sveta cyklistiky a pon\u00fakn\u00fa\u0165 v\u00e1m v oblasti servisu bicyklov to, na \u010do si mo\u017eno sami netr\u00fafate. Sme tu hlavne pre v\u00e1s a va\u0161e bicykle, rob\u00edme to radi a ochotne.","breadcrumb":{"@id":"https:\/\/biketop.sk\/index.php\/o-nas\/#breadcrumb"},"inLanguage":"sk-SK","potentialAction":[{"@type":"ReadAction","target":["https:\/\/biketop.sk\/index.php\/o-nas\/"]}]},{"@type":"BreadcrumbList","@id":"https:\/\/biketop.sk\/index.php\/o-nas\/#breadcrumb","itemListElement":[{"@type":"ListItem","position":1,"name":"Home","item":"https:\/\/biketop.sk\/"},{"@type":"ListItem","position":2,"name":"O n\u00e1s"}]},{"@type":"WebSite","@id":"https:\/\/biketop.sk\/#website","url":"https:\/\/biketop.sk\/","name":"","description":"","potentialAction":[{"@type":"SearchAction","target":{"@type":"EntryPoint","urlTemplate":"https:\/\/biketop.sk\/?s={search_term_string}"},"query-input":"required name=search_term_string"}],"inLanguage":"sk-SK"}]}},"_links":{"self":[{"href":"https:\/\/biketop.sk\/index.php\/wp-json\/wp\/v2\/pages\/12"}],"collection":[{"href":"https:\/\/biketop.sk\/index.php\/wp-json\/wp\/v2\/pages"}],"about":[{"href":"https:\/\/biketop.sk\/index.php\/wp-json\/wp\/v2\/types\/page"}],"author":[{"embeddable":true,"href":"https:\/\/biketop.sk\/index.php\/wp-json\/wp\/v2\/users\/1"}],"replies":[{"embeddable":true,"href":"https:\/\/biketop.sk\/index.php\/wp-json\/wp\/v2\/comments?post=12"}],"version-history":[{"count":6,"href":"https:\/\/biketop.sk\/index.php\/wp-json\/wp\/v2\/pages\/12\/revisions"}],"predecessor-version":[{"id":443,"href":"https:\/\/biketop.sk\/index.php\/wp-json\/wp\/v2\/pages\/12\/revisions\/443"}],"wp:attachment":[{"href":"https:\/\/biketop.sk\/index.php\/wp-json\/wp\/v2\/media?parent=12"}],"curies":[{"name":"wp","href":"https:\/\/api.w.org\/{rel}","templated":true}]}}