{"id":10,"date":"2021-09-25T13:28:51","date_gmt":"2021-09-25T11:28:51","guid":{"rendered":"http:\/\/biketop.sk\/?page_id=10"},"modified":"2025-01-13T13:38:59","modified_gmt":"2025-01-13T12:38:59","slug":"cennik-servisnych-prac","status":"publish","type":"page","link":"https:\/\/biketop.sk\/index.php\/cennik-servisnych-prac\/","title":{"rendered":"Cenn\u00edk servisn\u00fdch pr\u00e1c"},"content":{"rendered":"\n<p>prij\u00edmame aj bezhotovostn\u00e9 bezkontaktn\u00e9 platby, kartou, smartf\u00f3nom alebo smart hodinkami.<\/p>\n\n\n<table width=\"621\">\n<tbody>\n<tr>\n<td colspan=\"2\" width=\"621\">Uveden\u00e9 ceny s\u00fa orienta\u010dn\u00e9. Ak je na servis dodan\u00fd \u0161pinav\u00fd bicykel, v\u00fdsledn\u00e1 cena bude nav\u00fd\u0161en\u00e1 o um\u00fdvanie bicykla a mazanie pohonu. V pr\u00edpade potreby v\u00fdmeny komponentov mimo dohodnut\u00fd rozsah pr\u00e1c, bude toto so z\u00e1kazn\u00edkom vopred konzultovan\u00e9.<br \/>Uveden\u00e9 ceny s\u00fa bez DPH (23%)<\/td>\n<\/tr>\n<tr>\n<td width=\"446\"><strong>\u00dakon<\/strong><\/td>\n<td style=\"text-align: center;\" width=\"175\"><strong>cena od (EUR)<\/strong><\/td>\n<\/tr>\n<tr>\n<td width=\"446\"><strong>Servis mini<\/strong><\/td>\n<td style=\"text-align: center;\" rowspan=\"2\" width=\"175\">15<\/td>\n<\/tr>\n<tr>\n<td width=\"446\">Z\u00e1kladn\u00e9 o\u010distenie a premazanie pohonu, kontrola funk\u010dnosti radenia a b\u0155zd, kontrola tlaku v pneumatik\u00e1ch<\/td>\n<\/tr>\n<tr>\n<td width=\"446\"><strong>Servis klasik<\/strong><\/td>\n<td style=\"text-align: center;\" rowspan=\"2\" width=\"175\">30<\/td>\n<\/tr>\n<tr>\n<td width=\"446\">servis mini + docentrovanie kolies, kontrola v\u0161etk\u00fdch skrutiek<\/td>\n<\/tr>\n<tr>\n<td width=\"446\"><strong>Servis maxi<\/strong><\/td>\n<td style=\"text-align: center;\" rowspan=\"2\" width=\"175\">60<\/td>\n<\/tr>\n<tr>\n<td width=\"446\">servis klasik + v\u00fdmena komplet kabel\u00e1\u017ee radenia (lank\u00e1 a bowdeny), o\u010distenie a premazanie stredov\u00e9ho a hlavov\u00e9ho zlo\u017eenia, kompletn\u00e9 umytie bicykla a o\u0161etrenie laku.<\/td>\n<\/tr>\n<tr>\n<td style=\"text-align: center;\" colspan=\"2\" width=\"621\"><strong>Vyskladanie bicykla<\/strong><\/td>\n<\/tr>\n<tr>\n<td width=\"446\">Vyskladanie bicykla z prinesen\u00fdch komponentov<\/td>\n<td style=\"text-align: center;\" width=\"175\">50<\/td>\n<\/tr>\n<tr>\n<td width=\"446\">Poskladanie a nastavenie nov\u00e9ho bicykla<\/td>\n<td style=\"text-align: center;\" width=\"175\">40<\/td>\n<\/tr>\n<tr>\n<td style=\"text-align: center;\" colspan=\"2\" width=\"621\"><strong>Koles\u00e1<\/strong><\/td>\n<\/tr>\n<tr>\n<td width=\"446\">Vycentrovanie kolesa<\/td>\n<td style=\"text-align: center;\" width=\"175\">8<\/td>\n<\/tr>\n<tr>\n<td width=\"446\">Vypletenie kolesa s vycentrovan\u00edm (cena je bez materi\u00e1lu)<\/td>\n<td style=\"text-align: center;\" width=\"175\">15<\/td>\n<\/tr>\n<tr>\n<td width=\"446\">Rozpletenie kolesa<\/td>\n<td style=\"text-align: center;\" width=\"175\">4<\/td>\n<\/tr>\n<tr>\n<td width=\"446\">Vystrihanie v\u00fdpletu<\/td>\n<td style=\"text-align: center;\" width=\"175\">1<\/td>\n<\/tr>\n<tr>\n<td width=\"446\">V\u00fdmena pl\u00e1\u0161\u0165a alebo du\u0161e s f\u00fakan\u00edm<\/td>\n<td style=\"text-align: center;\" width=\"175\">2<\/td>\n<\/tr>\n<tr>\n<td width=\"446\">Vy\u010distenie a premazanie n\u00e1boja<\/td>\n<td style=\"text-align: center;\" width=\"175\">8<\/td>\n<\/tr>\n<tr>\n<td width=\"446\">Odstr\u00e1nenie v\u00f4le na n\u00e1boji<\/td>\n<td style=\"text-align: center;\" width=\"175\">3<\/td>\n<\/tr>\n<tr>\n<td width=\"446\">Prestavba na bezdu\u0161ov\u00e9 koleso<\/td>\n<td style=\"text-align: center;\" rowspan=\"2\" width=\"175\">5<\/td>\n<\/tr>\n<tr>\n<td width=\"446\">cena nezah\u0155\u0148a tmel, p\u00e1sku a ventil. Cena je za jedno koleso<\/td>\n<\/tr>\n<tr>\n<td width=\"446\">V\u00fdmena galusky<\/td>\n<td style=\"text-align: center;\" width=\"175\">15<\/td>\n<\/tr>\n<tr>\n<td width=\"446\">cena nezah\u0155\u0148a lepiacu p\u00e1sku Tufo, cena je za jedno koleso<\/td>\n<td style=\"text-align: center;\" width=\"175\">\u00a0<\/td>\n<\/tr>\n<tr>\n<td style=\"text-align: center;\" colspan=\"2\" width=\"621\"><strong>Stred a zadn\u00e1 stavba<\/strong><\/td>\n<\/tr>\n<tr>\n<td width=\"446\">Servis stredov\u00e9ho zlo\u017eenia<\/td>\n<td style=\"text-align: center;\" rowspan=\"2\" width=\"175\">8<\/td>\n<\/tr>\n<tr>\n<td width=\"446\">(vy\u010distenie, premazanie, kontrola, pr\u00edpadne v\u00fdmena)<\/td>\n<\/tr>\n<tr>\n<td width=\"446\">V\u00fdmena lo\u017e\u00edsk zadnej stavby (bez materi\u00e1lu)<\/td>\n<td style=\"text-align: center;\" rowspan=\"2\" width=\"175\">40<\/td>\n<\/tr>\n<tr>\n<td width=\"446\">(lo\u017eisk\u00e1 pod\u013ea typu a mno\u017estva cca 9-13 eur\/ks)<\/td>\n<\/tr>\n<tr>\n<td width=\"446\">Pre\u010distenie a premazanie ped\u00e1lov<\/td>\n<td style=\"text-align: center;\" width=\"175\">4<\/td>\n<\/tr>\n<tr>\n<td width=\"446\">Vy\u010distenie zadnej stavby a premazanie lo\u017e\u00edsk<\/td>\n<td style=\"text-align: center;\" width=\"175\">25<\/td>\n<\/tr>\n<tr>\n<td style=\"text-align: center;\" colspan=\"2\" width=\"621\"><strong>Radenie<\/strong><\/td>\n<\/tr>\n<tr>\n<td width=\"446\">Nastavenie radenia<\/td>\n<td style=\"text-align: center;\" width=\"175\">3<\/td>\n<\/tr>\n<tr>\n<td width=\"446\">Vy\u010distenie a premazanie re\u0165aze, prehadzova\u010da a pre\u0161myka\u010da<\/td>\n<td style=\"text-align: center;\" width=\"175\">4<\/td>\n<\/tr>\n<tr>\n<td width=\"446\">Mont\u00e1\u017e pre\u0161myka\u010da alebo prehadzova\u010da s nastaven\u00edm<\/td>\n<td style=\"text-align: center;\" width=\"175\">5<\/td>\n<\/tr>\n<tr>\n<td width=\"446\">V\u00fdmena re\u0165aze a skr\u00e1tenie na optim\u00e1lnu dl\u017eku<\/td>\n<td style=\"text-align: center;\" width=\"175\">3<\/td>\n<\/tr>\n<tr>\n<td width=\"446\">Servis predn\u00e9ho alebo zadn\u00e9ho radenia<\/td>\n<td style=\"text-align: center;\" rowspan=\"2\" width=\"175\">8<\/td>\n<\/tr>\n<tr>\n<td width=\"446\">(v\u00fdmena lanka a bowdenov za nov\u00e9, namazanie + nastavenie. V cene \u0161tandardn\u00e9 lank\u00e1 a bowdeny.)<\/td>\n<\/tr>\n<tr>\n<td width=\"446\">Narovnanie p\u00e4tky zadnej prehadzova\u010dky<\/td>\n<td style=\"text-align: center;\" width=\"175\">3<\/td>\n<\/tr>\n<tr>\n<td style=\"text-align: center;\" colspan=\"2\" width=\"621\"><strong>Brzdy<\/strong><\/td>\n<\/tr>\n<tr>\n<td width=\"446\">Nastavenie brzdy<\/td>\n<td style=\"text-align: center;\" width=\"175\">2.5<\/td>\n<\/tr>\n<tr>\n<td width=\"446\">V\u00fdmena brzdov\u00fdch platni\u010diek, kot\u00fa\u010da alebo gumi\u010diek<\/td>\n<td style=\"text-align: center;\" width=\"175\">4<\/td>\n<\/tr>\n<tr>\n<td width=\"446\">Servis mechanickej brzdy<\/td>\n<td style=\"text-align: center;\" rowspan=\"2\" width=\"175\">8<\/td>\n<\/tr>\n<tr>\n<td width=\"446\">(nastavenie, v\u00fdmena bowdenov a lanka za nov\u00e9, vy\u010distenie, premazanie. )<\/td>\n<\/tr>\n<tr>\n<td width=\"446\">Odvzdu\u0161nenie hydraulickej brzdy \/ v\u00fdmena kvapaliny<\/td>\n<td style=\"text-align: center;\" width=\"175\">7<\/td>\n<\/tr>\n<tr>\n<td width=\"446\">Skr\u00e1tenie hydraulickej brzdy<\/td>\n<td style=\"text-align: center;\" rowspan=\"2\" width=\"175\">8<\/td>\n<\/tr>\n<tr>\n<td width=\"446\">(vr\u00e1tane mont\u00e1\u017ee, odvzdu\u0161nenia, kvapaliny a nastavenia)<\/td>\n<\/tr>\n<tr>\n<td width=\"446\">Rovnanie kot\u00fa\u010da<\/td>\n<td style=\"text-align: center;\" width=\"175\">8<\/td>\n<\/tr>\n<tr>\n<td style=\"text-align: center;\" colspan=\"2\" width=\"621\"><strong>V\u00fdmena alebo mont\u00e1\u017e komponentov<\/strong><\/td>\n<\/tr>\n<tr>\n<td width=\"446\">Hlavov\u00e9 zlo\u017eenie \/ stredov\u00e9 zlo\u017eenie<\/td>\n<td style=\"text-align: center;\" width=\"175\">7<\/td>\n<\/tr>\n<tr>\n<td width=\"446\">K\u013euky<\/td>\n<td style=\"text-align: center;\" width=\"175\">5<\/td>\n<\/tr>\n<tr>\n<td width=\"446\">Ped\u00e1le<\/td>\n<td style=\"text-align: center;\" width=\"175\">1<\/td>\n<\/tr>\n<tr>\n<td width=\"446\">Kazeta<\/td>\n<td style=\"text-align: center;\" width=\"175\">2<\/td>\n<\/tr>\n<tr>\n<td width=\"446\">Brzdov\u00e9 p\u00e1ky<\/td>\n<td style=\"text-align: center;\" width=\"175\">2<\/td>\n<\/tr>\n<tr>\n<td width=\"446\">Riad\u00edtka<\/td>\n<td style=\"text-align: center;\" width=\"175\">2<\/td>\n<\/tr>\n<tr>\n<td width=\"446\">Gripy<\/td>\n<td style=\"text-align: center;\" width=\"175\">2<\/td>\n<\/tr>\n<tr>\n<td width=\"446\">Predstavec<\/td>\n<td style=\"text-align: center;\" width=\"175\">2<\/td>\n<\/tr>\n<tr>\n<td width=\"446\">Rohy, n\u00e1stavce<\/td>\n<td style=\"text-align: center;\" width=\"175\">2<\/td>\n<\/tr>\n<tr>\n<td width=\"446\">Tachometer a jeho z\u00e1kladn\u00e9 nastavenie<\/td>\n<td style=\"text-align: center;\" width=\"175\">4<\/td>\n<\/tr>\n<tr>\n<td width=\"446\">Blatn\u00edky<\/td>\n<td style=\"text-align: center;\" width=\"175\">4<\/td>\n<\/tr>\n<tr>\n<td width=\"446\">Nosi\u010d bato\u017einy<\/td>\n<td style=\"text-align: center;\" width=\"175\">4<\/td>\n<\/tr>\n<tr>\n<td width=\"446\">Stojan bicykla<\/td>\n<td style=\"text-align: center;\" width=\"175\">2<\/td>\n<\/tr>\n<tr>\n<td width=\"446\">Omot\u00e1vka na cestn\u00fd bicykel<\/td>\n<td style=\"text-align: center;\" width=\"175\">6<\/td>\n<\/tr>\n<tr>\n<td width=\"446\">Sedlo<\/td>\n<td style=\"text-align: center;\" width=\"175\">2<\/td>\n<\/tr>\n<tr>\n<td width=\"446\">Svetlo a doplnky<\/td>\n<td style=\"text-align: center;\" width=\"175\">2<\/td>\n<\/tr>\n<tr>\n<td width=\"446\">Detsk\u00e1 seda\u010dka<\/td>\n<td style=\"text-align: center;\" width=\"175\">8<\/td>\n<\/tr>\n<tr>\n<td width=\"446\">Pomocn\u00e9 kolieska<\/td>\n<td style=\"text-align: center;\" width=\"175\">2<\/td>\n<\/tr>\n<tr>\n<td width=\"446\">V\u00fdmena laniek a bowdenov na biku s vonkaj\u0161\u00edm veden\u00edm &#8211; komplet<\/td>\n<td style=\"text-align: center;\" width=\"175\">12<\/td>\n<\/tr>\n<tr>\n<td width=\"446\">V\u00fdmena laniek a bowdenov na biku s vn\u00fatorn\u00fdm veden\u00edm &#8211; komplet<\/td>\n<td style=\"text-align: center;\" width=\"175\">20<\/td>\n<\/tr>\n<tr>\n<td style=\"text-align: center;\" colspan=\"2\" width=\"621\"><strong>Ostatn\u00e9<\/strong><\/td>\n<\/tr>\n<tr>\n<td width=\"446\">Umytie bicykla a premazanie pohonu<\/td>\n<td style=\"text-align: center;\" width=\"175\">15<\/td>\n<\/tr>\n<tr>\n<td width=\"446\">Hodinov\u00e1 sadzba za ne\u0161tandardn\u00e9 \u010dinnosti<\/td>\n<td style=\"text-align: center;\" width=\"175\">30<\/td>\n<\/tr>\n<\/tbody>\n<\/table>\n\n\n<figure class=\"wp-block-image size-large\"><img fetchpriority=\"high\" width=\"1024\" height=\"188\" src=\"http:\/\/biketop.sk\/wp-content\/uploads\/2021\/12\/loga-znaciek-spolu-nahradne-diely-1024x188.jpg\" alt=\"\" class=\"wp-image-255\" srcset=\"https:\/\/biketop.sk\/wp-content\/uploads\/2021\/12\/loga-znaciek-spolu-nahradne-diely-1024x188.jpg 1024w, https:\/\/biketop.sk\/wp-content\/uploads\/2021\/12\/loga-znaciek-spolu-nahradne-diely-300x55.jpg 300w, https:\/\/biketop.sk\/wp-content\/uploads\/2021\/12\/loga-znaciek-spolu-nahradne-diely-768x141.jpg 768w, https:\/\/biketop.sk\/wp-content\/uploads\/2021\/12\/loga-znaciek-spolu-nahradne-diely-1536x282.jpg 1536w, https:\/\/biketop.sk\/wp-content\/uploads\/2021\/12\/loga-znaciek-spolu-nahradne-diely.jpg 1570w\" sizes=\"(max-width: 1024px) 100vw, 1024px\" \/><figcaption>n\u00e1hradn\u00e9 diely  pou\u017e\u00edvame prev\u00e1\u017ene od uveden\u00fdch zna\u010diek<\/figcaption><\/figure>\n\n\n\n<p><\/p>\n","protected":false},"excerpt":{"rendered":"<p>prij\u00edmame aj bezhotovostn\u00e9 bezkontaktn\u00e9 platby, kartou, smartf\u00f3nom alebo smart hodinkami. Uveden\u00e9 ceny s\u00fa orienta\u010dn\u00e9. Ak je na servis dodan\u00fd \u0161pinav\u00fd bicykel, v\u00fdsledn\u00e1 cena bude nav\u00fd\u0161en\u00e1 o um\u00fdvanie bicykla a mazanie pohonu. V pr\u00edpade potreby v\u00fdmeny komponentov mimo dohodnut\u00fd rozsah pr\u00e1c, bude toto so z\u00e1kazn\u00edkom vopred konzultovan\u00e9.Uveden\u00e9 ceny s\u00fa bez DPH (23%) \u00dakon cena od (EUR) [&hellip;]<\/p>\n","protected":false},"author":1,"featured_media":0,"parent":0,"menu_order":0,"comment_status":"closed","ping_status":"closed","template":"","meta":{"_monsterinsights_skip_tracking":false,"_monsterinsights_sitenote_active":false,"_monsterinsights_sitenote_note":"","_monsterinsights_sitenote_category":0},"yoast_head":"<!-- This site is optimized with the Yoast SEO plugin v20.6 - https:\/\/yoast.com\/wordpress\/plugins\/seo\/ -->\n<title>Cenn\u00edk servisn\u00fdch pr\u00e1c -<\/title>\n<meta name=\"description\" content=\"Cenn\u00edk pon\u00fakan\u00fdch servisn\u00fdch pr\u00e1c\" \/>\n<meta name=\"robots\" content=\"index, follow, max-snippet:-1, max-image-preview:large, max-video-preview:-1\" \/>\n<link rel=\"canonical\" href=\"https:\/\/biketop.sk\/index.php\/cennik-servisnych-prac\/\" \/>\n<meta property=\"og:locale\" content=\"sk_SK\" \/>\n<meta property=\"og:type\" content=\"article\" \/>\n<meta property=\"og:title\" content=\"Cenn\u00edk servisn\u00fdch pr\u00e1c -\" \/>\n<meta property=\"og:description\" content=\"Cenn\u00edk pon\u00fakan\u00fdch servisn\u00fdch pr\u00e1c\" \/>\n<meta property=\"og:url\" content=\"https:\/\/biketop.sk\/index.php\/cennik-servisnych-prac\/\" \/>\n<meta property=\"article:publisher\" content=\"https:\/\/www.facebook.com\/biketop.sk\" \/>\n<meta property=\"article:modified_time\" content=\"2025-01-13T12:38:59+00:00\" \/>\n<meta property=\"og:image\" content=\"http:\/\/biketop.sk\/wp-content\/uploads\/2021\/12\/loga-znaciek-spolu-nahradne-diely-1024x188.jpg\" \/>\n<meta name=\"twitter:card\" content=\"summary_large_image\" \/>\n<meta name=\"twitter:label1\" content=\"Predpokladan\u00fd \u010das \u010d\u00edtania\" \/>\n\t<meta name=\"twitter:data1\" content=\"3 min\u00faty\" \/>\n<script type=\"application\/ld+json\" class=\"yoast-schema-graph\">{\"@context\":\"https:\/\/schema.org\",\"@graph\":[{\"@type\":\"WebPage\",\"@id\":\"https:\/\/biketop.sk\/index.php\/cennik-servisnych-prac\/\",\"url\":\"https:\/\/biketop.sk\/index.php\/cennik-servisnych-prac\/\",\"name\":\"Cenn\u00edk servisn\u00fdch pr\u00e1c -\",\"isPartOf\":{\"@id\":\"https:\/\/biketop.sk\/#website\"},\"datePublished\":\"2021-09-25T11:28:51+00:00\",\"dateModified\":\"2025-01-13T12:38:59+00:00\",\"description\":\"Cenn\u00edk pon\u00fakan\u00fdch servisn\u00fdch pr\u00e1c\",\"breadcrumb\":{\"@id\":\"https:\/\/biketop.sk\/index.php\/cennik-servisnych-prac\/#breadcrumb\"},\"inLanguage\":\"sk-SK\",\"potentialAction\":[{\"@type\":\"ReadAction\",\"target\":[\"https:\/\/biketop.sk\/index.php\/cennik-servisnych-prac\/\"]}]},{\"@type\":\"BreadcrumbList\",\"@id\":\"https:\/\/biketop.sk\/index.php\/cennik-servisnych-prac\/#breadcrumb\",\"itemListElement\":[{\"@type\":\"ListItem\",\"position\":1,\"name\":\"Home\",\"item\":\"https:\/\/biketop.sk\/\"},{\"@type\":\"ListItem\",\"position\":2,\"name\":\"Cenn\u00edk servisn\u00fdch pr\u00e1c\"}]},{\"@type\":\"WebSite\",\"@id\":\"https:\/\/biketop.sk\/#website\",\"url\":\"https:\/\/biketop.sk\/\",\"name\":\"\",\"description\":\"\",\"potentialAction\":[{\"@type\":\"SearchAction\",\"target\":{\"@type\":\"EntryPoint\",\"urlTemplate\":\"https:\/\/biketop.sk\/?s={search_term_string}\"},\"query-input\":\"required name=search_term_string\"}],\"inLanguage\":\"sk-SK\"}]}<\/script>\n<!-- \/ Yoast SEO plugin. -->","yoast_head_json":{"title":"Cenn\u00edk servisn\u00fdch pr\u00e1c -","description":"Cenn\u00edk pon\u00fakan\u00fdch servisn\u00fdch pr\u00e1c","robots":{"index":"index","follow":"follow","max-snippet":"max-snippet:-1","max-image-preview":"max-image-preview:large","max-video-preview":"max-video-preview:-1"},"canonical":"https:\/\/biketop.sk\/index.php\/cennik-servisnych-prac\/","og_locale":"sk_SK","og_type":"article","og_title":"Cenn\u00edk servisn\u00fdch pr\u00e1c -","og_description":"Cenn\u00edk pon\u00fakan\u00fdch servisn\u00fdch pr\u00e1c","og_url":"https:\/\/biketop.sk\/index.php\/cennik-servisnych-prac\/","article_publisher":"https:\/\/www.facebook.com\/biketop.sk","article_modified_time":"2025-01-13T12:38:59+00:00","og_image":[{"url":"http:\/\/biketop.sk\/wp-content\/uploads\/2021\/12\/loga-znaciek-spolu-nahradne-diely-1024x188.jpg"}],"twitter_card":"summary_large_image","twitter_misc":{"Predpokladan\u00fd \u010das \u010d\u00edtania":"3 min\u00faty"},"schema":{"@context":"https:\/\/schema.org","@graph":[{"@type":"WebPage","@id":"https:\/\/biketop.sk\/index.php\/cennik-servisnych-prac\/","url":"https:\/\/biketop.sk\/index.php\/cennik-servisnych-prac\/","name":"Cenn\u00edk servisn\u00fdch pr\u00e1c -","isPartOf":{"@id":"https:\/\/biketop.sk\/#website"},"datePublished":"2021-09-25T11:28:51+00:00","dateModified":"2025-01-13T12:38:59+00:00","description":"Cenn\u00edk pon\u00fakan\u00fdch servisn\u00fdch pr\u00e1c","breadcrumb":{"@id":"https:\/\/biketop.sk\/index.php\/cennik-servisnych-prac\/#breadcrumb"},"inLanguage":"sk-SK","potentialAction":[{"@type":"ReadAction","target":["https:\/\/biketop.sk\/index.php\/cennik-servisnych-prac\/"]}]},{"@type":"BreadcrumbList","@id":"https:\/\/biketop.sk\/index.php\/cennik-servisnych-prac\/#breadcrumb","itemListElement":[{"@type":"ListItem","position":1,"name":"Home","item":"https:\/\/biketop.sk\/"},{"@type":"ListItem","position":2,"name":"Cenn\u00edk servisn\u00fdch pr\u00e1c"}]},{"@type":"WebSite","@id":"https:\/\/biketop.sk\/#website","url":"https:\/\/biketop.sk\/","name":"","description":"","potentialAction":[{"@type":"SearchAction","target":{"@type":"EntryPoint","urlTemplate":"https:\/\/biketop.sk\/?s={search_term_string}"},"query-input":"required name=search_term_string"}],"inLanguage":"sk-SK"}]}},"_links":{"self":[{"href":"https:\/\/biketop.sk\/index.php\/wp-json\/wp\/v2\/pages\/10"}],"collection":[{"href":"https:\/\/biketop.sk\/index.php\/wp-json\/wp\/v2\/pages"}],"about":[{"href":"https:\/\/biketop.sk\/index.php\/wp-json\/wp\/v2\/types\/page"}],"author":[{"embeddable":true,"href":"https:\/\/biketop.sk\/index.php\/wp-json\/wp\/v2\/users\/1"}],"replies":[{"embeddable":true,"href":"https:\/\/biketop.sk\/index.php\/wp-json\/wp\/v2\/comments?post=10"}],"version-history":[{"count":6,"href":"https:\/\/biketop.sk\/index.php\/wp-json\/wp\/v2\/pages\/10\/revisions"}],"predecessor-version":[{"id":414,"href":"https:\/\/biketop.sk\/index.php\/wp-json\/wp\/v2\/pages\/10\/revisions\/414"}],"wp:attachment":[{"href":"https:\/\/biketop.sk\/index.php\/wp-json\/wp\/v2\/media?parent=10"}],"curies":[{"name":"wp","href":"https:\/\/api.w.org\/{rel}","templated":true}]}}